{"id":983,"date":"2020-01-29T19:53:06","date_gmt":"2020-01-29T18:53:06","guid":{"rendered":"https:\/\/www.miurltemporal.com/main/madisonschools.es\/?page_id=983"},"modified":"2020-01-29T19:54:09","modified_gmt":"2020-01-29T18:54:09","slug":"legal","status":"publish","type":"page","link":"https:\/\/www.miurltemporal.com/main/madisonschools.es\/legal\/","title":{"rendered":"Condiciones Legales de contrataci\u00f3n"},"content":{"rendered":"<div class=\"fusion-fullwidth fullwidth-box fusion-builder-row-1 hundred-percent-fullwidth non-hundred-percent-height-scrolling\" style=\"background-color: rgba(255,255,255,0);background-position: center center;background-repeat: no-repeat;padding-top:0px;padding-right:0px;padding-bottom:0px;padding-left:0px;margin-bottom: 0px;margin-top: 0px;border-width: 0px 0px 0px 0px;border-color:#eae9e9;border-style:solid;\" ><div class=\"fusion-builder-row fusion-row\"><div class=\"fusion-layout-column fusion_builder_column fusion-builder-column-0 fusion_builder_column_1_1 1_1 fusion-one-full fusion-column-first fusion-column-last fusion-column-no-min-height\" style=\"margin-top:0px;margin-bottom:0px;\"><div class=\"fusion-column-wrapper fusion-flex-column-wrapper-legacy\" style=\"background-position:left top;background-repeat:no-repeat;-webkit-background-size:cover;-moz-background-size:cover;-o-background-size:cover;background-size:cover;padding: 0px 0px 0px 0px;\"><div class=\"fusion-text fusion-text-1\"><h2>Condiciones Generales Native Learn<\/h2>\n<p><strong>PRIMERO: OBJETO DEL SERVICIO.<\/strong> Madison Schools es una marca propiedad de la empresa Native Learn S.L. (en adelante \u201cNative Learn\u201d), con CIF B-86542461 cumple con los requisitos establecidos en la Ley 34\/2002, de 11 de julio, de Servicios de la Sociedad de la Informaci\u00f3n y Comercio Electr\u00f3nico, en la Ley Org\u00e1nica 15\/1999, de 13 de diciembre, y RGPD de 27 de abril de 2016 sobre Protecci\u00f3n de Datos de Car\u00e1cter Personal y dem\u00e1s directivas europeas y a tal fin ha creado las presentes condiciones de uso. Native Learn ofrece servicios de clases particulares de ingl\u00e9s y servicios para centros escolares y empresas. La utilizaci\u00f3n del portal web <a href=\"http:\/\/www.miurltemporal.com/main/madisonschools.es\">www.madisonschools.es<\/a>\u00a0atribuye la condici\u00f3n de Usuario e implica su aceptaci\u00f3n plena y sin reservas a todas y cada una de las disposiciones incluidas en estas condiciones de uso, por lo que si \u00e9ste no est\u00e1 de acuerdo con cualquiera de las condiciones aqu\u00ed establecidas, no deber\u00e1 usar\/acceder a www.nativelearn.com <strong>SEGUNDO: CONDICIONES<\/strong>\u00a0El uso del mencionado portal se sujetar\u00e1 a las siguientes Condiciones, las cuales podr\u00e1n ser actualizadas peri\u00f3dicamente. Igualmente la empresa responsable se reserva el derecho de modificar la web, los servicios ofertados y cualquier informaci\u00f3n accesible a trav\u00e9s del portal. El uso del portal presume la perfecta comprensi\u00f3n y la expresa aceptaci\u00f3n de las mencionadas condiciones por parte del Usuario. <strong>TERCERO: CONDICIONES DE ACCESO Y UTILIZACION DEL PORTAL<\/strong> <strong>Obligaciones y Responsabilidades<\/strong>: El Usuario se compromete a hacer un buen uso del portal y a no emplearlo para incurrir en actividades il\u00edcitas o contrarias a la buena fe y al ordenamiento legal (a t\u00edtulo meramente indicativo y no exhaustivo); provocar da\u00f1os en los sistemas f\u00edsicos y l\u00f3gicos de Native Learn, de sus proveedores o de terceras personas, introducir o difundir en la red virus inform\u00e1ticos o cualesquiera otros sistemas f\u00edsicos o l\u00f3gicos que sean susceptibles de provocar los da\u00f1os anteriormente mencionados, sin olvidar todos aquellos que vulneren o transgredan el honor, la intimidad personal o familiar o la imagen de terceros, o que sean il\u00edcitos o atenten a la moralidad, dejando el Usuario en todo caso indemne a los responsables de Native Learn frente a cualquier reclamaci\u00f3n, judicial o extrajudicial. Native Learn perseguir\u00e1 el incumplimiento de las anteriores condiciones as\u00ed como cualquier utilizaci\u00f3n indebida del portal, pudiendo bloquear o suprimir la cuenta de Usuario, as\u00ed como ejercer todas las acciones civiles y penales que les puedan corresponder en derecho. Native Learn no ser\u00e1 responsable de ning\u00fan da\u00f1o que se genere al Usuario en caso de imposibilidad de prestar el servicio, debida a supuestos de caso fortuito, fuerza mayor u otras causas no imputables a los responsables del portal. Native Learn en ning\u00fan caso ser\u00e1 responsable del inadecuado funcionamiento del portal si ello obedece a labores de mantenimiento y similares, a incidencias que afecten a servidores u operadores internacionales, a una defectuosa configuraci\u00f3n de los equipos del Usuario o a su insuficiente capacidad para soportar los sistemas inform\u00e1ticos indispensables para poder hacer uso del portal. El Usuario acepta y se responsabiliza de no usar ning\u00fan instrumento, software o rutina para interferir o intentar interferir en el funcionamiento normal del portal\u00a0<a href=\"https:\/\/www.miurltemporal.com/main/madisonschools.es\">www.madisonschools.es<\/a>\u00a0o en las gestiones que se est\u00e9 realizando. <strong>Comunicaciones y notificaciones<\/strong>: Todas las comunicaciones y notificaciones realizadas se considerar\u00e1n eficaces a todos los efectos cuando se realicen a trav\u00e9s de correo electr\u00f3nico al e-mail suministrado por el Usuario. El Usuario se obliga a mantener informado a Native Learn de los cambios que se produzcan en los datos personales y en la direcci\u00f3n de correo electr\u00f3nico de \u00e9ste que Native Learn posee para informar al Usuario de los sucesos que estime oportunos. El Usuario reconoce expresamente que dichos datos han sido suministrados por \u00e9l mismo y son del todo veraces. <strong>CUARTO: COOKIES Y ENLACES<\/strong>\u00a0El portal utiliza cookies, se consideran cookies aquellos ficheros f\u00edsicos de informaci\u00f3n alojados en el propio terminal del Usuario y que sirven para facilitar la navegaci\u00f3n del Usuario por el portal. El Usuario tiene la posibilidad de configurar el navegador de tal modo que impida la instalaci\u00f3n de estos archivos. Los responsables del portal no asumen ninguna responsabilidad sobre los enlaces externos que se puedan incluir, ya que no tiene ning\u00fan tipo de control sobre los mismos, por lo que el Usuario accede bajo su exclusiva responsabilidad al contenido y en las condiciones de uso que rijan en los mismos. Asimismo el establecimiento de un enlace no implica en ning\u00fan caso la existencia de relaciones entre Native Learn y el propietario del lugar web con la que se establezca el enlace, ni la aceptaci\u00f3n y aprobaci\u00f3n de sus contenidos o servicios. <strong>QUINTO: CONDICIONES DE CONTRATACI\u00d3N DE LOS SERVICIOS EDUCATIVOS DE NATIVE LEARN POR ALUMNOS, COLEGIOS, EMPRESAS o PADRES O TUTORES DE ALUMNOS MENORES DE EDAD<\/strong> La inscripci\u00f3n a los cursos de Native Learn y la comunicaci\u00f3n a Native Learn de la direcci\u00f3n de correo electr\u00f3nico y direcci\u00f3n postal faculta a Native Learn a comunicarse por correo electr\u00f3nico o correo postal con el fin de administrar el curso, informar sobre el progreso del mismo y comunicarse comercialmente con los alumnos o sus padres\/tutores para informarles de otros cursos que puedan ser de su inter\u00e9s. Los datos no ser\u00e1n comunicados ni comercializados a terceros, y los usuarios podr\u00e1n pedir la modificaci\u00f3n o eliminaci\u00f3n de la informaci\u00f3n de contacto por correo electr\u00f3nico a info@madisonschools.es acreditando su identidad. La inscripci\u00f3n a los cursos prestados directa o indirectamente por Native Learn, supone el consentimiento del alumno o del padre\/madre\/tutor del alumno menor de edad para la posible obtenci\u00f3n y utilizaci\u00f3n de fotograf\u00edas o v\u00eddeos de los alumnos \u00fanicamente con fines educativos o de promoci\u00f3n de las actividades educativas prestadas por Native Learn. Las im\u00e1genes en ning\u00fan caso ser\u00e1n objeto de comercializaci\u00f3n o explotaci\u00f3n. Los alumnos o padres\/tutores que no acepten esta utilizaci\u00f3n podr\u00e1n hacer constar su negativa de forma expresa por escrito a <a href=\"mailto:info@madisonschools.es\">info@madisonschools.es<\/a>. En caso de baja por enfermedad de un profesor, accidente o causa mayor, Native Learn har\u00e1 sus mejores esfuerzos para cubrir al profesor titular con una persona sustituta, pero sin garantizar que sea un profesor nativo durante los primeros 15 d\u00edas h\u00e1biles en que dure la sustituci\u00f3n. Salvo menci\u00f3n expresa en contrario, las cuotas de los cursos de formaci\u00f3n son mensuales e independientes del n\u00famero de d\u00edas lectivos o de las faltas de asistencia de los alumnos. Las cuotas de inscripci\u00f3n o matr\u00edcula de los cursos prestados por Native Learn no son prorrateables ni rembolsables en caso de baja del alumno. Salvo acuerdo en contrario, el n\u00famero m\u00ednimo de alumnos para formar un grupo de formaci\u00f3n ser\u00e1 de 7 y el m\u00e1ximo ser\u00e1 de 14. La asignaci\u00f3n de plazas se realizar\u00e1 por orden de reserva. Las plazas disponibles en cada grupo y horario son limitadas. Una vez comenzado un curso, el alumno no tendr\u00e1 derecho al reembolso del mismo. La solicitud de baja de un curso deber\u00e1 solicitarse por el alumno o por el tutor del alumno menor de edad mediante email a la direcci\u00f3n de correo <a href=\"mailto:administracion@madisonschools.es\">administracion@madisonschools.es<\/a> antes del d\u00eda 25 del mes anterior al que se pretenda causar baja para que esta sea efectiva. La baja a mediados de mes no permitir\u00e1 la reducci\u00f3n proporcional de la cuota mensual establecida. La no asistencia a un curso no implica la baja de la misma, por lo que se deber\u00e1n abonar los recibos correspondientes hasta la solicitud efectiva de la baja. La devoluci\u00f3n de un recibo domiciliado por Native Learn supondr\u00e1 un cargo adicional en el siguiente recibo de 10\u20ac por los costes bancarios de tramitaci\u00f3n. Native Learn se reserva el derecho de vetar la participaci\u00f3n en cualquier actividad a los alumnos que estime oportuno, cuando concurran circunstancias que as\u00ed lo justifiquen, como faltas graves de respeto a profesores, alumnos o personal del centro donde se imparta la formaci\u00f3n acad\u00e9mica. El veto de un alumno ser\u00e1 comunicado por escrito al alumno o a sus padres o tutores en caso de ser menor, y no dar\u00e1 derecho a la devoluci\u00f3n de ning\u00fan importe de matr\u00edcula, ni de la mensualidad en curso. Los centros acad\u00e9micos y empresas que contratan servicios formativos a Native Learn se comprometen durante el per\u00edodo de la formaci\u00f3n y en los dos a\u00f1os siguientes a no contratar a ninguno de los profesores de Native Learn que hayan prestado sus servicios en el centro, vi\u00e9ndose obligadas en caso de hacerlo a abonar a Native Learn el salario de un a\u00f1o como compensaci\u00f3n por los gastos de formaci\u00f3n. Los impuestos directos o indirectos que puedan derivarse como consecuencia de la prestaci\u00f3n de servicios formativos ser\u00e1n satisfechos por la parte a la que la normativa del tributo que corresponda asigne la condici\u00f3n de sujeto pasivo. El impago o retraso en el pago de alguna de las cantidades debidas por prestaci\u00f3n de servicios de formaci\u00f3n facultar\u00e1 a Native Learn a no prestar o interrumpir el servicio formativo al alumno directo que haya contratado o a los alumnos de la entidad que haya impagado o retrasado el pago, reserv\u00e1ndose Native Learn las acciones legales que en derecho la amparen. <strong>SEXTO: POLITICA DE PRIVACIDAD<\/strong>\u00a0Native Learn protege los datos personales seg\u00fan lo establecido en la Ley Org\u00e1nica de Protecci\u00f3n de Datos y el Reglamento de Medidas de Seguridad. La informaci\u00f3n sobre la protecci\u00f3n de datos personales se encuentra recogida en la <a href=\"https:\/\/www.miurltemporal.com/main/madisonschools.es\/privacidad\/\">Pol\u00edtica de Privacidad<\/a>. NATIVE LEARN SL, responsable del tratamiento de sus datos de car\u00e1cter personal, le informa que conforme a lo previsto en RGPD de 27 de abril de 2016, recaba y trata sus datos de car\u00e1cter personal, aplicando las medidas t\u00e9cnicas y organizativas que estable el, presente Reglamento, con la finalidad de ofrecer los productos y servicios del Responsable, as\u00ed como enviarle cualquier tipo de comunicaci\u00f3n a trav\u00e9s de los medios designados al efecto. Usted da, como afectada\/o o interesada\/o y, titular de los datos, su consentimiento y autorizaci\u00f3n para su inclusi\u00f3n en la base de datos del Responsable. En cualquier caso, podr\u00e1 ejercitar gratuitamente los derechos de acceso, rectificaci\u00f3n, supresi\u00f3n, limitaci\u00f3n, portabilidad y oposici\u00f3n dirigi\u00e9ndose al Responsable con direcci\u00f3n PRINCESA 70, 28008 MADRID o por email a lopd@madisonschools.es indicando en la comunicaci\u00f3n referencia RGPD. Native Learn ha adoptado las medidas necesarias para evitar la alteraci\u00f3n, p\u00e9rdida, tratamiento o acceso no autorizado de los datos personales, habida cuenta en todo momento del estado de la tecnolog\u00eda, no obstante, el Usuario debe ser consciente de que las medidas de seguridad en Internet no son inexpugnables. En el caso de que se incluyan datos de car\u00e1cter personal referentes a personas f\u00edsicas distintas deber\u00e1, con car\u00e1cter previo a su inclusi\u00f3n informarles de los extremos contenidos en la Pol\u00edtica de Privacidad. En ning\u00fan caso, los datos personales de los Usuarios del portal Native Learn ser\u00e1n accesibles a los dem\u00e1s Usuarios. En ning\u00fan momento, Native Learn har\u00e1 p\u00fablico el perfil ni de los Usuarios, ni publicar\u00e1 los datos en el portal www.nativelearn.com, comprometi\u00e9ndose a cumplir escrupulosamente con la confidencialidad debida en materia de datos de car\u00e1cter personal. Native Learn puede almacenar y hacer uso de las direcciones IP de los usuarios de este portal a fin de analizar el tr\u00e1fico, administrar el portal y realizar un seguimiento de la utilizaci\u00f3n del portal en su conjunto. Native Learn, en ning\u00fan caso asocia direcciones IP con informaci\u00f3n identificable personal. Asimismo Native Learn puede utilizar servicios de an\u00e1lisis de la web (a modo de ejemplo: Google Analytics o herramientas similares) para ayudar al website a analizar el uso que hacen los Usuarios del sitio web. <strong>S\u00c9PTIMO: LEGISLACI\u00d3N APLICABLE<\/strong>\u00a0Las condiciones de uso del portal se rige en todos y cada uno de sus extremos por la legislaci\u00f3n espa\u00f1ola. Para cualquier discrepancia en las presentes condiciones, las partes se someten de forma voluntaria a los Juzgados y Tribunales de Madrid, Espa\u00f1a. <strong>INFORMACI\u00d3N LSSI:<\/strong>\u00a0Ley de Servicios de la Sociedad de la informaci\u00f3n y de Comercio Electr\u00f3nico. El propietario de esta Pagina Web, pone a disposici\u00f3n de los visitantes de la mencionada, una serie de datos que seg\u00fan la ley 34\/2002- LSSICE de \u201cServicios de la Sociedad y la Informaci\u00f3n de Comercio Electr\u00f3nico\u201d, son de obligada disposici\u00f3n tanto a los destinatarios del servicio como a los \u00f3rganos competentes, y por ello se podr\u00e1n encontrar a continuaci\u00f3n, dispuestos de forma f\u00e1cil, directa y gratuita: <strong>Denominaci\u00f3n Social<\/strong>: Native Learn, S.L. <strong>C\u00f3digo Identificaci\u00f3n Fiscal<\/strong>\u00a0(CIF): B-86542461 <strong>Domicilio de la Empresa<\/strong>: Calle Princesa, 70, 1\u00ba, 28008 Madrid, Espa\u00f1a <strong>Correo Electr\u00f3nico<\/strong>: info@nativelearn.com <strong>Nombre del dominio<\/strong>\u00a0para identificaci\u00f3n: www.nativelearn.com <strong>Tel\u00e9fono contacto<\/strong>: (+34) 91-2918380 <a title=\"Examenes Cambridge\" href=\"http:\/\/www.cambridgeenglish.org\/es\/\" target=\"_blank\" rel=\"noopener noreferrer\"><img decoding=\"async\" class=\"alignnone size-full wp-image-633 lazyload\" data-src=\"https:\/\/www.nativelearn.com\/wp-content\/uploads\/2012\/08\/Cambridge-Preparation-Centre_square_NativeLearn.jpg\" alt=\"Cambridge-Preparation-Centre_square_NativeLearn\" width=\"240\" height=\"153\" src=\"data:image\/svg+xml;base64,PHN2ZyB3aWR0aD0iMSIgaGVpZ2h0PSIxIiB4bWxucz0iaHR0cDovL3d3dy53My5vcmcvMjAwMC9zdmciPjwvc3ZnPg==\" style=\"--smush-placeholder-width: 240px; --smush-placeholder-aspect-ratio: 240\/153;\" \/><\/a><a title=\"TESOL\" href=\"http:\/\/www.tesol-spain.org\/\" target=\"_blank\" rel=\"noopener noreferrer\"><img decoding=\"async\" class=\"alignnone wp-image-221 lazyload\" title=\"tesol-spain\" data-src=\"https:\/\/www.nativelearn.com\/wp-content\/uploads\/2012\/08\/tesol-spain.jpg\" alt=\"\" width=\"240\" height=\"80\" src=\"data:image\/svg+xml;base64,PHN2ZyB3aWR0aD0iMSIgaGVpZ2h0PSIxIiB4bWxucz0iaHR0cDovL3d3dy53My5vcmcvMjAwMC9zdmciPjwvc3ZnPg==\" style=\"--smush-placeholder-width: 240px; --smush-placeholder-aspect-ratio: 240\/80;\" \/><\/a><a title=\"Red.es\" href=\"http:\/\/www.red.es\/redes\/\" target=\"_blank\" rel=\"noopener noreferrer\"><img decoding=\"async\" class=\"alignnone size-full wp-image-222 lazyload\" title=\"redes\" data-src=\"https:\/\/www.nativelearn.com\/wp-content\/uploads\/2012\/08\/redes.jpg\" alt=\"\" width=\"187\" height=\"73\" src=\"data:image\/svg+xml;base64,PHN2ZyB3aWR0aD0iMSIgaGVpZ2h0PSIxIiB4bWxucz0iaHR0cDovL3d3dy53My5vcmcvMjAwMC9zdmciPjwvc3ZnPg==\" style=\"--smush-placeholder-width: 187px; --smush-placeholder-aspect-ratio: 187\/73;\" \/><\/a><a title=\"Ministerio de Empleo y Seguridad Social\" href=\"http:\/\/www.empleo.gob.es\" target=\"_blank\" rel=\"noopener noreferrer\"><img decoding=\"async\" class=\"alignnone size-full wp-image-223 lazyload\" title=\"ministerio\" data-src=\"https:\/\/www.nativelearn.com\/wp-content\/uploads\/2012\/08\/ministerio.jpg\" alt=\"\" width=\"187\" height=\"73\" src=\"data:image\/svg+xml;base64,PHN2ZyB3aWR0aD0iMSIgaGVpZ2h0PSIxIiB4bWxucz0iaHR0cDovL3d3dy53My5vcmcvMjAwMC9zdmciPjwvc3ZnPg==\" style=\"--smush-placeholder-width: 187px; --smush-placeholder-aspect-ratio: 187\/73;\" \/><\/a><\/p>\n<\/div><div class=\"fusion-clearfix\"><\/div><\/div><\/div><\/div><style type=\"text\/css\">.fusion-fullwidth.fusion-builder-row-1 { overflow:visible; }<\/style><\/div>\n","protected":false},"excerpt":{"rendered":"","protected":false},"author":1,"featured_media":0,"parent":0,"menu_order":0,"comment_status":"closed","ping_status":"open","template":"","meta":{"footnotes":""},"class_list":["post-983","page","type-page","status-publish","hentry"],"_links":{"self":[{"href":"https:\/\/www.miurltemporal.com/main/madisonschools.es\/wp-json\/wp\/v2\/pages\/983","targetHints":{"allow":["GET"]}}],"collection":[{"href":"https:\/\/www.miurltemporal.com/main/madisonschools.es\/wp-json\/wp\/v2\/pages"}],"about":[{"href":"https:\/\/www.miurltemporal.com/main/madisonschools.es\/wp-json\/wp\/v2\/types\/page"}],"author":[{"embeddable":true,"href":"https:\/\/www.miurltemporal.com/main/madisonschools.es\/wp-json\/wp\/v2\/users\/1"}],"replies":[{"embeddable":true,"href":"https:\/\/www.miurltemporal.com/main/madisonschools.es\/wp-json\/wp\/v2\/comments?post=983"}],"version-history":[{"count":2,"href":"https:\/\/www.miurltemporal.com/main/madisonschools.es\/wp-json\/wp\/v2\/pages\/983\/revisions"}],"predecessor-version":[{"id":985,"href":"https:\/\/www.miurltemporal.com/main/madisonschools.es\/wp-json\/wp\/v2\/pages\/983\/revisions\/985"}],"wp:attachment":[{"href":"https:\/\/www.miurltemporal.com/main/madisonschools.es\/wp-json\/wp\/v2\/media?parent=983"}],"curies":[{"name":"wp","href":"https:\/\/api.w.org\/{rel}","templated":true}]}}