{"id":756,"date":"2020-01-07T09:48:25","date_gmt":"2020-01-07T08:48:25","guid":{"rendered":"https:\/\/www.miurltemporal.com/main/madisonschools.es\/?page_id=756"},"modified":"2020-01-29T19:44:05","modified_gmt":"2020-01-29T18:44:05","slug":"clases-particulares","status":"publish","type":"page","link":"https:\/\/www.miurltemporal.com/main/madisonschools.es\/clases-particulares\/","title":{"rendered":"Clases Particulares a Domicilio"},"content":{"rendered":"<p><div class=\"fusion-fullwidth fullwidth-box fusion-builder-row-1 fusion-parallax-none nonhundred-percent-fullwidth non-hundred-percent-height-scrolling lazyload\" style=\"background-color: rgba(255,255,255,0);background-image:inherit;background-position: center center;background-repeat: no-repeat;padding-top:200px;padding-right:0px;padding-bottom:200px;padding-left:0px;margin-bottom: 0px;margin-top: 0px;border-width: 0px 0px 0px 0px;border-color:#eae9e9;border-style:solid;-webkit-background-size:cover;-moz-background-size:cover;-o-background-size:cover;background-size:cover;\"  data-bg-image=\"url(&quot;https:\/\/www.miurltemporal.com/main/madisonschools.es\/wp-content\/uploads\/92578522_xl_wen.png&quot;)\"><div class=\"fusion-builder-row fusion-row\"><\/div><\/div><div class=\"fusion-fullwidth fullwidth-box fusion-builder-row-2 nonhundred-percent-fullwidth non-hundred-percent-height-scrolling\" style=\"background-color: rgba(255,255,255,0);background-position: center center;background-repeat: no-repeat;padding-top:0px;padding-right:0px;padding-bottom:0px;padding-left:0px;margin-bottom: 0px;margin-top: 0px;border-width: 0px 0px 0px 0px;border-color:#eae9e9;border-style:solid;\" ><div class=\"fusion-builder-row fusion-row\"><div class=\"fusion-layout-column fusion_builder_column fusion-builder-column-0 fusion_builder_column_1_1 1_1 fusion-one-full fusion-column-first fusion-column-last\" style=\"margin-top:20px;margin-bottom:50px;\"><div class=\"fusion-column-wrapper fusion-flex-column-wrapper-legacy\" style=\"background-position:left top;background-repeat:no-repeat;-webkit-background-size:cover;-moz-background-size:cover;-o-background-size:cover;background-size:cover;padding: 0px 0px 0px 0px;\"><div class=\"fusion-text fusion-text-1\"><h1 style=\"text-align: center;\">Clases Particulares a Domicilio<\/h1>\n<\/div><div class=\"fusion-sep-clear\"><\/div><div class=\"fusion-separator\" style=\"margin-left: auto;margin-right: auto;margin-top:0px;margin-bottom:35px;width:100%;max-width:50%;\"><div class=\"fusion-separator-border sep-single sep-dashed\" style=\"border-color:#fb6667;border-top-width:2px;\"><\/div><\/div><div class=\"fusion-sep-clear\"><\/div><div class=\"fusion-text fusion-text-2\"><p><span style=\"font-weight: 400;\">Clases particulares de ingl\u00e9s a domicilio con nuestros profesores biling\u00fces en Madrid<\/span><\/p>\n<\/div><div class=\"fusion-clearfix\"><\/div><\/div><\/div><div class=\"fusion-layout-column fusion_builder_column fusion-builder-column-1 fusion_builder_column_1_4 1_4 fusion-one-fourth fusion-column-first\" style=\"width:22%; margin-right: 4%;margin-top:0px;margin-bottom:50px;\"><div class=\"fusion-column-wrapper fusion-flex-column-wrapper-legacy\" style=\"background-position:left top;background-repeat:no-repeat;-webkit-background-size:cover;-moz-background-size:cover;-o-background-size:cover;background-size:cover;padding: 0px 0px 0px 0px;\"><div class=\"imageframe-liftup\"><span class=\" fusion-imageframe imageframe-none imageframe-1\"><a class=\"fusion-no-lightbox\" href=\"https:\/\/www.miurltemporal.com/main/madisonschools.es\/contact-us\/\" target=\"_self\" aria-label=\"student\"><img decoding=\"async\" width=\"618\" height=\"618\" data-src=\"https:\/\/www.miurltemporal.com/main/madisonschools.es\/wp-content\/uploads\/student.png\" class=\"img-responsive wp-image-861 lazyload\" data-srcset=\"https:\/\/www.miurltemporal.com/main/madisonschools.es\/wp-content\/uploads\/student-200x200.png 200w, https:\/\/www.miurltemporal.com/main/madisonschools.es\/wp-content\/uploads\/student-400x400.png 400w, https:\/\/www.miurltemporal.com/main/madisonschools.es\/wp-content\/uploads\/student-600x600.png 600w, https:\/\/www.miurltemporal.com/main/madisonschools.es\/wp-content\/uploads\/student.png 618w\" data-sizes=\"(max-width: 1130px) 100vw, 400px\" src=\"data:image\/svg+xml;base64,PHN2ZyB3aWR0aD0iMSIgaGVpZ2h0PSIxIiB4bWxucz0iaHR0cDovL3d3dy53My5vcmcvMjAwMC9zdmciPjwvc3ZnPg==\" style=\"--smush-placeholder-width: 618px; --smush-placeholder-aspect-ratio: 618\/618;\" \/><\/a><\/span><\/div><div class=\"fusion-clearfix\"><\/div><\/div><\/div><div class=\"fusion-layout-column fusion_builder_column fusion-builder-column-2 fusion_builder_column_3_4 3_4 fusion-three-fourth fusion-column-last box\" style=\"width:74%;margin-top:0px;margin-bottom:50px;\"><div class=\"fusion-column-wrapper fusion-flex-column-wrapper-legacy\" style=\"background-position:left top;background-repeat:no-repeat;-webkit-background-size:cover;-moz-background-size:cover;-o-background-size:cover;background-size:cover;padding: 0px 0px 0px 0px;\"><div class=\"fusion-column-content-centered\"><div class=\"fusion-column-content\"><div class=\"fusion-text fusion-text-3\"><p><span style=\"font-weight: 400;\">Nuestras <\/span><b>clases particulares de ingl\u00e9s a domicilio en Madrid <\/b><span style=\"font-weight: 400;\">se adaptan a tus necesidades y permiten avanzar m\u00e1s r\u00e1pido a tus hijos con su aprendizaje del ingl\u00e9s.<\/span><\/p>\n<p><span style=\"font-weight: 400;\">Personalizamos las clases particulares en funci\u00f3n de tus necesidades:<\/span><\/p>\n<\/div><ul class=\"fusion-checklist fusion-checklist-1 horizontal\" style=\"font-size:16px;line-height:27.2px;\"><li class=\"fusion-li-item\"><span style=\"height:27.2px;width:27.2px;margin-right:11.2px;\" class=\"icon-wrapper circle-no\"><i class=\"fusion-li-icon fa-check fas\" style=\"color:#ee7679;\" aria-hidden=\"true\"><\/i><\/span><div class=\"fusion-li-item-content\" style=\"margin-left:38.4px;\">\n<p>ingl\u00e9s l\u00fadico o refuerzo escolar<\/p>\n<\/div><\/li><li class=\"fusion-li-item\"><span style=\"height:27.2px;width:27.2px;margin-right:11.2px;\" class=\"icon-wrapper circle-no\"><i class=\"fusion-li-icon fa-check fas\" style=\"color:#ee7679;\" aria-hidden=\"true\"><\/i><\/span><div class=\"fusion-li-item-content\" style=\"margin-left:38.4px;\">\n<p>mejora de conversaci\u00f3n y pronunciaci\u00f3n<\/p>\n<\/div><\/li><li class=\"fusion-li-item\"><span style=\"height:27.2px;width:27.2px;margin-right:11.2px;\" class=\"icon-wrapper circle-no\"><i class=\"fusion-li-icon fa-check fas\" style=\"color:#ee7679;\" aria-hidden=\"true\"><\/i><\/span><div class=\"fusion-li-item-content\" style=\"margin-left:38.4px;\">\n<p>clases de preparaci\u00f3n de ex\u00e1menes<\/p>\n<\/div><\/li><\/ul><\/div><\/div><div class=\"fusion-clearfix\"><\/div><\/div><\/div><\/div><\/div><div class=\"fusion-fullwidth fullwidth-box fusion-builder-row-3 hundred-percent-fullwidth non-hundred-percent-height-scrolling\" style=\"background-color: rgba(255,255,255,0);background-position: center center;background-repeat: no-repeat;padding-top:0px;padding-right:0px;padding-bottom:0px;padding-left:0px;margin-bottom: 0px;margin-top: 0px;border-width: 0px 0px 0px 0px;border-color:#eae9e9;border-style:solid;\" ><div class=\"fusion-builder-row fusion-row\"><div class=\"fusion-layout-column fusion_builder_column fusion-builder-column-3 fusion_builder_column_1_1 1_1 fusion-one-full fusion-column-first fusion-column-last fusion-column-no-min-height\" style=\"margin-top:0px;margin-bottom:0px;\"><div class=\"fusion-column-wrapper fusion-flex-column-wrapper-legacy\" style=\"background-position:left top;background-repeat:no-repeat;-webkit-background-size:cover;-moz-background-size:cover;-o-background-size:cover;background-size:cover;padding: 0px 0px 0px 0px;\"><div class=\"fusion-section-separator section-separator waves fusion-section-separator-1\"><div class=\"fusion-section-separator-svg\" style=\"font-size:0;line-height:0;margin-left: 0px;margin-right: 0px;\"><svg class=\"fusion-waves-candy\" fill=\"#ffabb1\" xmlns=\"http:\/\/www.w3.org\/2000\/svg\" version=\"1.1\" width=\"100%\" viewBox=\"0 54 1024 162\" preserveAspectRatio=\"none\" class=\"section-separator-shortcode-divider-svg\"><path class=\"st3\" d=\"M0 216.312h1024v-3.044c-50.8-17.1-108.7-30.7-172.7-37.9-178.6-19.8-220 36.8-404.9 21.3-206.6-17.2-228-126.5-434.5-141.6-3.9-.3-7.9-.5-11.9-.7v161.944z\"\/><\/svg><\/div><div class=\"fusion-section-separator-spacer\"><div class=\"fusion-section-separator-spacer-height\" style=\"padding-top:15.8203125%;\"><\/div><\/div><\/div><div class=\"fusion-clearfix\"><\/div><\/div><\/div><\/div><style type=\"text\/css\">.fusion-fullwidth.fusion-builder-row-3 { overflow:visible; }<\/style><\/div><div class=\"fusion-fullwidth fullwidth-box fusion-builder-row-4 nonhundred-percent-fullwidth non-hundred-percent-height-scrolling\" style=\"background-color: #ffabb1;background-position: left top;background-repeat: no-repeat;padding-top:100px;padding-right:0px;padding-bottom:80px;padding-left:0px;margin-bottom: 0px;margin-top: 0px;border-width: 0px 0px 0px 0px;border-color:#eae9e9;border-style:solid;\" ><div class=\"fusion-builder-row fusion-row\"><div class=\"fusion-layout-column fusion_builder_column fusion-builder-column-4 fusion_builder_column_1_1 1_1 fusion-one-full fusion-column-first fusion-column-last\" style=\"margin-top:0px;margin-bottom:0px;\"><div class=\"fusion-column-wrapper fusion-flex-column-wrapper-legacy\" style=\"background-position:left top;background-repeat:no-repeat;-webkit-background-size:cover;-moz-background-size:cover;-o-background-size:cover;background-size:cover;padding: 0px 0px 0px 0px;\"><div class=\"fusion-text fusion-text-4\"><p style=\"color: white;\"><span style=\"font-weight: 400;\">Las clases pueden ser <\/span><b>individuales<\/b><span style=\"font-weight: 400;\"> o para <\/span><b>un grupo de hasta 3 <\/b><span style=\"font-weight: 400;\">ni\u00f1os que tengan el mismo nivel. A las clases pueden acudir una o varias personas de la misma familia, aunque te recomendamos que si los alumnos son de distintas edades o nivel de ingl\u00e9s, el profesor est\u00e9 un rato individual con cada uno para aprovechar mejor la clase.<\/span><\/p>\n<\/div><div class=\"fusion-text fusion-text-5\"><p style=\"color: white;\"><span style=\"font-weight: 400;\">Todos nuestros profesores son biling\u00fces en idioma ingl\u00e9s, certificados y con experiencia.Impartimos clases particulares en <\/span><b>Madrid capital<\/b><span style=\"font-weight: 400;\"> y en algunos <\/span><b>municipios cercanos de la Comunidad de Madrid <\/b><span style=\"font-weight: 400;\">en funci\u00f3n de la comunicaci\u00f3n mediante transporte p\u00fablico. Rellena el formulario con tu direcci\u00f3n y nos pondremos en contacto contigo. Las clases particulares siguen el calendario escolar, no habiendo clase los d\u00edas de vacaciones escolares.<\/span><\/p>\n<\/div><div class=\"fusion-text fusion-text-6\"><p style=\"color: white;\"><span style=\"font-weight: 400;\">El precio de nuestras clases particulares de ingl\u00e9s a domicilio es de s\u00f3lo <\/span><b>209 \u20ac al mes <\/b><span style=\"font-weight: 400;\">(2 horas a la semana). Ahorra 37 \u20ac si eliges pago trimestre completo (oct-dic, ene-mar, o abril-junio) por<\/span><b> 590 \u20ac\/trimestre<\/b><span style=\"font-weight: 400;\"> (2 horas a la semana).<\/span><\/p>\n<\/div><div class=\"fusion-clearfix\"><\/div><\/div><\/div><\/div><\/div><div class=\"fusion-fullwidth fullwidth-box fusion-builder-row-5 nonhundred-percent-fullwidth non-hundred-percent-height-scrolling\" style=\"background-color: rgba(255,255,255,0);background-position: center center;background-repeat: no-repeat;padding-top:0px;padding-right:0px;padding-bottom:0px;padding-left:0px;margin-bottom: 0px;margin-top: 0px;border-width: 0px 0px 0px 0px;border-color:#eae9e9;border-style:solid;\" ><div class=\"fusion-builder-row fusion-row\"><div class=\"fusion-layout-column fusion_builder_column fusion-builder-column-5 fusion_builder_column_1_1 1_1 fusion-one-full fusion-column-first fusion-column-last\" style=\"margin-top:0px;margin-bottom:50px;\"><div class=\"fusion-column-wrapper fusion-flex-column-wrapper-legacy\" style=\"background-position:left top;background-repeat:no-repeat;-webkit-background-size:cover;-moz-background-size:cover;-o-background-size:cover;background-size:cover;padding: 0px 0px 0px 0px;\"><div class=\"fusion-section-separator section-separator waves fusion-section-separator-2\"><div class=\"fusion-section-separator-svg\" style=\"font-size:0;line-height:0;margin-left: 0px;margin-right: 0px;\"><svg class=\"fusion-waves-candy\" fill=\"#ffabb1\" xmlns=\"http:\/\/www.w3.org\/2000\/svg\" version=\"1.1\" width=\"100%\" viewBox=\"0 1 1024 162\" preserveAspectRatio=\"none\" class=\"section-separator-shortcode-divider-svg\"><path class=\"st3\" d=\"M1024.1.156H.1V3.2c50.8 17.1 108.7 30.7 172.7 37.9 178.6 19.8 220-36.8 404.9-21.3 206.6 17.2 228 126.5 434.5 141.6 3.9.3 7.9.5 11.9.7V.156z\"\/><\/svg><\/div><div class=\"fusion-section-separator-spacer\"><div class=\"fusion-section-separator-spacer-height\" style=\"padding-top:15.8203125%;\"><\/div><\/div><\/div><div class=\"fusion-clearfix\"><\/div><\/div><\/div><\/div><\/div><div class=\"fusion-fullwidth fullwidth-box fusion-builder-row-6 hundred-percent-fullwidth non-hundred-percent-height-scrolling\" style=\"background-color: rgba(255,255,255,0);background-position: left top;background-repeat: no-repeat;padding-top:0px;padding-right:0px;padding-bottom:0px;padding-left:0px;margin-bottom: 0px;margin-top: 0px;border-width: 0px 0px 0px 0px;border-color:#eae9e9;border-style:solid;\" ><div class=\"fusion-builder-row fusion-row\"><div class=\"fusion-layout-column fusion_builder_column fusion-builder-column-6 fusion_builder_column_1_1 1_1 fusion-one-full fusion-column-first fusion-column-last fusion-column-no-min-height\" style=\"margin-top:0px;margin-bottom:0px;\"><div class=\"fusion-column-wrapper fusion-flex-column-wrapper-legacy\" style=\"background-position:left top;background-repeat:no-repeat;-webkit-background-size:cover;-moz-background-size:cover;-o-background-size:cover;background-size:cover;padding: 0px 0px 25px 0px;\"><div class=\"fusion-text fusion-text-7\"><p style=\"text-align: center; font-size: 26px; color: #153861; line-height: 1;\"><strong>\u00danete a los m\u00e1s de 4.000 alumnos que aprenden ingl\u00e9s <\/strong><\/p>\n<p style=\"text-align: center; font-size: 26px; color: #153861;\"><strong>con el l\u00edder en ense\u00f1anza de ingl\u00e9s para ni\u00f1os.<\/strong><\/p>\n<\/div><div class=\"fusion-text fusion-text-8\"><p style=\"text-align: center;\"><span style=\"font-weight: 400;\">Rellena este formulario de informaci\u00f3n y te llamaremos para buscarte un profesor que se adapte a tus necesidades:<\/span><\/p>\n<\/div><script type=\"text\/javascript\" src=\"https:\/\/form.jotform.com\/jsform\/200054661551345\"><\/script><div class=\"fusion-text fusion-text-9\"><p style=\"text-align: center;\"><span style=\"font-weight: 400;\">Si ya te hemos confirmado por tel\u00e9fono la disponibilidad de profesor, <\/span><span style=\"font-weight: 400;\">rellena aqu\u00ed el formulario de Contrataci\u00f3n de clases<\/span><span style=\"font-weight: 400;\">.<\/span><\/p>\n<\/div><div class=\"fusion-aligncenter\"><style type=\"text\/css\">.fusion-button.button-1 {border-radius:25px;}<\/style><a class=\"fusion-button button-flat fusion-button-default-size button-default button-1 fusion-button-default-span fusion-button-default-type buttontext\" target=\"_self\" href=\"https:\/\/www.miurltemporal.com/main/madisonschools.es\/reserva-particulares\/\"><span class=\"fusion-button-text\">Contratar clases particulares<\/span><\/a><\/div><div class=\"fusion-clearfix\"><\/div><\/div><\/div><\/div><\/div><\/p>\n","protected":false},"excerpt":{"rendered":"","protected":false},"author":1,"featured_media":0,"parent":0,"menu_order":0,"comment_status":"closed","ping_status":"closed","template":"100-width.php","meta":{"footnotes":""},"class_list":["post-756","page","type-page","status-publish","hentry"],"_links":{"self":[{"href":"https:\/\/www.miurltemporal.com/main/madisonschools.es\/wp-json\/wp\/v2\/pages\/756","targetHints":{"allow":["GET"]}}],"collection":[{"href":"https:\/\/www.miurltemporal.com/main/madisonschools.es\/wp-json\/wp\/v2\/pages"}],"about":[{"href":"https:\/\/www.miurltemporal.com/main/madisonschools.es\/wp-json\/wp\/v2\/types\/page"}],"author":[{"embeddable":true,"href":"https:\/\/www.miurltemporal.com/main/madisonschools.es\/wp-json\/wp\/v2\/users\/1"}],"replies":[{"embeddable":true,"href":"https:\/\/www.miurltemporal.com/main/madisonschools.es\/wp-json\/wp\/v2\/comments?post=756"}],"version-history":[{"count":11,"href":"https:\/\/www.miurltemporal.com/main/madisonschools.es\/wp-json\/wp\/v2\/pages\/756\/revisions"}],"predecessor-version":[{"id":981,"href":"https:\/\/www.miurltemporal.com/main/madisonschools.es\/wp-json\/wp\/v2\/pages\/756\/revisions\/981"}],"wp:attachment":[{"href":"https:\/\/www.miurltemporal.com/main/madisonschools.es\/wp-json\/wp\/v2\/media?parent=756"}],"curies":[{"name":"wp","href":"https:\/\/api.w.org\/{rel}","templated":true}]}}