{"id":733,"date":"2020-01-06T22:39:15","date_gmt":"2020-01-06T21:39:15","guid":{"rendered":"https:\/\/www.miurltemporal.com/main/madisonschools.es\/?page_id=733"},"modified":"2020-01-08T15:44:52","modified_gmt":"2020-01-08T14:44:52","slug":"formulario-extraescolar-curso-empezado","status":"publish","type":"page","link":"https:\/\/www.miurltemporal.com/main/madisonschools.es\/formulario-extraescolar-curso-empezado\/","title":{"rendered":"Formulario inscripci\u00f3n extraescolar Madison Curso empezado"},"content":{"rendered":"<p><div class=\"fusion-fullwidth fullwidth-box fusion-builder-row-1 fusion-parallax-none nonhundred-percent-fullwidth non-hundred-percent-height-scrolling lazyload\" style=\"background-color: rgba(255,255,255,0);background-image:inherit;background-position: center center;background-repeat: no-repeat;padding-top:200px;padding-right:0px;padding-bottom:200px;padding-left:0px;margin-bottom: 0px;margin-top: 0px;border-width: 0px 0px 0px 0px;border-color:#eae9e9;border-style:solid;-webkit-background-size:cover;-moz-background-size:cover;-o-background-size:cover;background-size:cover;\"  data-bg-image=\"url(&quot;https:\/\/www.miurltemporal.com/main/madisonschools.es\/wp-content\/uploads\/34765213_xl_web.jpg&quot;)\"><div class=\"fusion-builder-row fusion-row\"><div class=\"fusion-layout-column fusion_builder_column fusion-builder-column-0 fusion_builder_column_1_1 1_1 fusion-one-full fusion-column-first fusion-column-last\" style=\"margin-top:0px;margin-bottom:50px;\"><div class=\"fusion-column-wrapper fusion-flex-column-wrapper-legacy\" style=\"background-position:left top;background-repeat:no-repeat;-webkit-background-size:cover;-moz-background-size:cover;-o-background-size:cover;background-size:cover;padding: 0px 0px 0px 0px;\"><div class=\"fusion-clearfix\"><\/div><\/div><\/div><\/div><\/div><div class=\"fusion-fullwidth fullwidth-box fusion-builder-row-2 nonhundred-percent-fullwidth non-hundred-percent-height-scrolling\" style=\"background-color: rgba(255,255,255,0);background-position: center center;background-repeat: no-repeat;padding-top:0px;padding-right:0px;padding-bottom:0px;padding-left:0px;margin-bottom: 0px;margin-top: 0px;border-width: 0px 0px 0px 0px;border-color:#eae9e9;border-style:solid;\" ><div class=\"fusion-builder-row fusion-row\"><div class=\"fusion-layout-column fusion_builder_column fusion-builder-column-1 fusion_builder_column_1_1 1_1 fusion-one-full fusion-column-first fusion-column-last\" style=\"margin-top:0px;margin-bottom:50px;\"><div class=\"fusion-column-wrapper fusion-flex-column-wrapper-legacy\" style=\"background-position:left top;background-repeat:no-repeat;-webkit-background-size:cover;-moz-background-size:cover;-o-background-size:cover;background-size:cover;padding: 0px 0px 0px 0px;\"><style type=\"text\/css\"><\/style><div class=\"fusion-title title fusion-title-1 fusion-sep-none fusion-title-center fusion-title-text fusion-title-size-one\" style=\"margin-top:0px;margin-right:0px;margin-bottom:31px;margin-left:0px;\"><h1 class=\"title-heading-center fusion-responsive-typography-calculated\" style=\"margin:0;--fontSize:45;line-height:1.4;\"><h1>Formulario inscripci\u00f3n<\/h1><\/h1><\/div><div class=\"fusion-sep-clear\"><\/div><div class=\"fusion-separator\" style=\"margin-left: auto;margin-right: auto;width:100%;max-width:300px;\"><div class=\"fusion-separator-border sep-single sep-dashed\" style=\"border-color:#fb6667;border-top-width:3px;\"><\/div><\/div><div class=\"fusion-sep-clear\"><\/div><div class=\"fusion-clearfix\"><\/div><\/div><\/div><\/div><\/div><div class=\"fusion-fullwidth fullwidth-box fusion-builder-row-3 nonhundred-percent-fullwidth non-hundred-percent-height-scrolling\" style=\"background-color: rgba(255,255,255,0);background-position: left top;background-repeat: no-repeat;padding-top:20px;padding-right:0px;padding-bottom:20px;padding-left:0px;margin-bottom: 0px;margin-top: 0px;border-width: 0px 0px 0px 0px;border-color:#eae9e9;border-style:solid;\" ><div class=\"fusion-builder-row fusion-row\"><div class=\"fusion-layout-column fusion_builder_column fusion-builder-column-2 fusion_builder_column_1_1 1_1 fusion-one-full fusion-column-first fusion-column-last\" style=\"margin-top:0px;margin-bottom:50px;\"><div class=\"fusion-column-wrapper fusion-flex-column-wrapper-legacy\" style=\"background-position:left top;background-repeat:no-repeat;-webkit-background-size:cover;-moz-background-size:cover;-o-background-size:cover;background-size:cover;padding: 0px 0px 0px 0px;\"><script type=\"text\/javascript\" src=\"https:\/\/form.jotform.com\/jsform\/200056079514349\"><\/script><div class=\"fusion-clearfix\"><\/div><\/div><\/div><\/div><\/div><div class=\"fusion-fullwidth fullwidth-box fusion-builder-row-4 hundred-percent-fullwidth non-hundred-percent-height-scrolling\" style=\"background-color: rgba(255,255,255,0);background-position: center center;background-repeat: no-repeat;padding-top:0px;padding-right:0px;padding-bottom:0px;padding-left:0px;margin-bottom: 0px;margin-top: 0px;border-width: 0px 0px 0px 0px;border-color:#eae9e9;border-style:solid;\" ><div class=\"fusion-builder-row fusion-row\"><div class=\"fusion-layout-column fusion_builder_column fusion-builder-column-3 fusion_builder_column_1_1 1_1 fusion-one-full fusion-column-first fusion-column-last fusion-column-no-min-height\" style=\"margin-top:0px;margin-bottom:0px;\"><div class=\"fusion-column-wrapper fusion-flex-column-wrapper-legacy\" style=\"background-position:left top;background-repeat:no-repeat;-webkit-background-size:cover;-moz-background-size:cover;-o-background-size:cover;background-size:cover;padding: 0px 0px 0px 0px;\"><div class=\"fusion-text fusion-text-1\"><p><img decoding=\"async\" class=\"wp-image-3527 size-full alignleft lazyload\" data-src=\"https:\/\/www.miurltemporal.com/main/madisonschools.es\/wp-content\/uploads\/ingles.jpg\" alt=\"\" width=\"262\" height=\"174\" src=\"data:image\/svg+xml;base64,PHN2ZyB3aWR0aD0iMSIgaGVpZ2h0PSIxIiB4bWxucz0iaHR0cDovL3d3dy53My5vcmcvMjAwMC9zdmciPjwvc3ZnPg==\" style=\"--smush-placeholder-width: 262px; --smush-placeholder-aspect-ratio: 262\/174;\" \/>Nuestras actividades extraescolares de ingl\u00e9s son impartidas por profesores biling\u00fces certificados y con experiencia. Las clases extraescolares de ingl\u00e9s se ofrecen en grupos reducidos en el propio centro escolar: horario flexible y adaptado a cada colegio, para alumnos desde 2 hasta 12 a\u00f1os de edad.<\/p>\n<p>M\u00e1s de 4.000 alumnos aprenden ingl\u00e9s con nuestro m\u00e9todo Madison Schools en decenas de colegios en toda Espa\u00f1a.<\/p>\n<p>Ofrecemos informaci\u00f3n continua a los padres y al colegio: informes peri\u00f3dicos de rendimiento en las clases, recomendaciones sobre recursos para practicar en casa, control de asistencia, etc. Nuestras clases extraescolares se enfocan en el m\u00e9todo inmersivo y l\u00fadico para hablar y desarrollar la comprensi\u00f3n al comunicarse.<\/p>\n<p>Madison Schools es Centro Preparador oficial de los ex\u00e1menes oficiales de ingl\u00e9s de <a title=\"Cambridge English\" href=\"https:\/\/www.cambridgeenglish.org\/es\/\" target=\"_blank\" rel=\"noopener noreferrer\">Cambridge<\/a> (Starters, Movers, Flyers, KET A2, PET B1 y First B2).<\/p>\n<p><img decoding=\"async\" class=\"wp-image-724 size-medium aligncenter lazyload\" data-src=\"https:\/\/www.miurltemporal.com/main/madisonschools.es\/wp-content\/uploads\/cambridge-center-e1578345291716-300x67.png\" alt=\"\" width=\"300\" height=\"67\" data-srcset=\"https:\/\/www.miurltemporal.com/main/madisonschools.es\/wp-content\/uploads\/cambridge-center-e1578345291716-200x45.png 200w, https:\/\/www.miurltemporal.com/main/madisonschools.es\/wp-content\/uploads\/cambridge-center-e1578345291716-300x67.png 300w, https:\/\/www.miurltemporal.com/main/madisonschools.es\/wp-content\/uploads\/cambridge-center-e1578345291716.png 373w\" data-sizes=\"(max-width: 300px) 100vw, 300px\" src=\"data:image\/svg+xml;base64,PHN2ZyB3aWR0aD0iMSIgaGVpZ2h0PSIxIiB4bWxucz0iaHR0cDovL3d3dy53My5vcmcvMjAwMC9zdmciPjwvc3ZnPg==\" style=\"--smush-placeholder-width: 300px; --smush-placeholder-aspect-ratio: 300\/67;\" \/><\/p>\n<\/div><div class=\"fusion-clearfix\"><\/div><\/div><\/div><\/div><style type=\"text\/css\">.fusion-fullwidth.fusion-builder-row-4 { overflow:visible; }<\/style><\/div><\/p>\n","protected":false},"excerpt":{"rendered":"","protected":false},"author":1,"featured_media":0,"parent":0,"menu_order":0,"comment_status":"closed","ping_status":"closed","template":"100-width.php","meta":{"footnotes":""},"class_list":["post-733","page","type-page","status-publish","hentry"],"_links":{"self":[{"href":"https:\/\/www.miurltemporal.com/main/madisonschools.es\/wp-json\/wp\/v2\/pages\/733","targetHints":{"allow":["GET"]}}],"collection":[{"href":"https:\/\/www.miurltemporal.com/main/madisonschools.es\/wp-json\/wp\/v2\/pages"}],"about":[{"href":"https:\/\/www.miurltemporal.com/main/madisonschools.es\/wp-json\/wp\/v2\/types\/page"}],"author":[{"embeddable":true,"href":"https:\/\/www.miurltemporal.com/main/madisonschools.es\/wp-json\/wp\/v2\/users\/1"}],"replies":[{"embeddable":true,"href":"https:\/\/www.miurltemporal.com/main/madisonschools.es\/wp-json\/wp\/v2\/comments?post=733"}],"version-history":[{"count":6,"href":"https:\/\/www.miurltemporal.com/main/madisonschools.es\/wp-json\/wp\/v2\/pages\/733\/revisions"}],"predecessor-version":[{"id":891,"href":"https:\/\/www.miurltemporal.com/main/madisonschools.es\/wp-json\/wp\/v2\/pages\/733\/revisions\/891"}],"wp:attachment":[{"href":"https:\/\/www.miurltemporal.com/main/madisonschools.es\/wp-json\/wp\/v2\/media?parent=733"}],"curies":[{"name":"wp","href":"https:\/\/api.w.org\/{rel}","templated":true}]}}