{"id":721,"date":"2020-01-06T22:09:43","date_gmt":"2020-01-06T21:09:43","guid":{"rendered":"https:\/\/www.miurltemporal.com/main/madisonschools.es\/?page_id=721"},"modified":"2020-07-14T12:10:25","modified_gmt":"2020-07-14T11:10:25","slug":"inscripcion-extraescolar","status":"publish","type":"page","link":"https:\/\/www.miurltemporal.com/main/madisonschools.es\/inscripcion-extraescolar\/","title":{"rendered":"Inscripci\u00f3n Extraescolar Madison Schools"},"content":{"rendered":"<p><div class=\"fusion-fullwidth fullwidth-box fusion-builder-row-1 fusion-parallax-none nonhundred-percent-fullwidth non-hundred-percent-height-scrolling lazyload\" style=\"background-color: rgba(255,255,255,0);background-image:inherit;background-position: center center;background-repeat: no-repeat;padding-top:200px;padding-right:0px;padding-bottom:200px;padding-left:0px;margin-bottom: 0px;margin-top: 0px;border-width: 0px 0px 0px 0px;border-color:#eae9e9;border-style:solid;-webkit-background-size:cover;-moz-background-size:cover;-o-background-size:cover;background-size:cover;\"  data-bg-image=\"url(&quot;https:\/\/www.miurltemporal.com/main/madisonschools.es\/wp-content\/uploads\/44354065_xl_web.jpg&quot;)\"><div class=\"fusion-builder-row fusion-row\"><div class=\"fusion-layout-column fusion_builder_column fusion-builder-column-0 fusion_builder_column_1_1 1_1 fusion-one-full fusion-column-first fusion-column-last\" style=\"margin-top:0px;margin-bottom:50px;\"><div class=\"fusion-column-wrapper fusion-flex-column-wrapper-legacy\" style=\"background-position:left top;background-repeat:no-repeat;-webkit-background-size:cover;-moz-background-size:cover;-o-background-size:cover;background-size:cover;padding: 0px 0px 0px 0px;\"><div class=\"fusion-clearfix\"><\/div><\/div><\/div><\/div><\/div><div class=\"fusion-fullwidth fullwidth-box fusion-builder-row-2 nonhundred-percent-fullwidth non-hundred-percent-height-scrolling\" style=\"background-color: rgba(255,255,255,0);background-position: left top;background-repeat: no-repeat;padding-top:30px;padding-right:0px;padding-bottom:20px;padding-left:0px;margin-bottom: 0px;margin-top: 0px;border-width: 0px 0px 0px 0px;border-color:#eae9e9;border-style:solid;\" ><div class=\"fusion-builder-row fusion-row\"><div class=\"fusion-layout-column fusion_builder_column fusion-builder-column-1 fusion_builder_column_1_1 1_1 fusion-one-full fusion-column-first fusion-column-last\" style=\"margin-top:0px;margin-bottom:50px;\"><div class=\"fusion-column-wrapper fusion-flex-column-wrapper-legacy\" style=\"background-position:left top;background-repeat:no-repeat;-webkit-background-size:cover;-moz-background-size:cover;-o-background-size:cover;background-size:cover;padding: 0px 0px 0px 0px;\"><div class=\"fusion-text fusion-text-1\"><h1>Inscripci\u00f3n Extraescolar de ingl\u00e9s curso 2020\/21<\/h1>\n<\/div><div class=\"fusion-sep-clear\"><\/div><div class=\"fusion-separator\" style=\"margin-left: auto;margin-right: auto;width:100%;max-width:300px;\"><div class=\"fusion-separator-border sep-single sep-dotted\" style=\"border-color:#fb6667;border-top-width:5px;\"><\/div><\/div><div class=\"fusion-sep-clear\"><\/div><div class=\"fusion-clearfix\"><\/div><\/div><\/div><div class=\"fusion-layout-column fusion_builder_column fusion-builder-column-2 fusion_builder_column_1_3 1_3 fusion-one-third fusion-column-first\" style=\"width:30.6666%; margin-right: 4%;margin-top:0px;margin-bottom:50px;\"><div class=\"fusion-column-wrapper fusion-flex-column-wrapper-legacy\" style=\"background-position:left top;background-repeat:no-repeat;-webkit-background-size:cover;-moz-background-size:cover;-o-background-size:cover;background-size:cover;padding: 0px 0px 0px 0px;\"><div class=\"fusion-text fusion-text-2\"><p><img decoding=\"async\" class=\"aligncenter wp-image-3526 size-full lazyload\" data-src=\"https:\/\/www.miurltemporal.com/main/madisonschools.es\/wp-content\/uploads\/colorful-4043709_1920.jpg\" alt=\"\" width=\"300\" height=\"173\" src=\"data:image\/svg+xml;base64,PHN2ZyB3aWR0aD0iMSIgaGVpZ2h0PSIxIiB4bWxucz0iaHR0cDovL3d3dy53My5vcmcvMjAwMC9zdmciPjwvc3ZnPg==\" style=\"--smush-placeholder-width: 300px; --smush-placeholder-aspect-ratio: 300\/173;\" \/><\/p>\n<\/div><div class=\"fusion-clearfix\"><\/div><\/div><\/div><div class=\"fusion-layout-column fusion_builder_column fusion-builder-column-3 fusion_builder_column_2_3 2_3 fusion-two-third fusion-column-last\" style=\"width:65.3333%;margin-top:0px;margin-bottom:50px;\"><div class=\"fusion-column-wrapper fusion-flex-column-wrapper-legacy\" style=\"background-position:left top;background-repeat:no-repeat;-webkit-background-size:cover;-moz-background-size:cover;-o-background-size:cover;background-size:cover;padding: 0px 0px 0px 0px;\"><div class=\"fusion-text fusion-text-3\"><h5>Pulsa <a href=\"https:\/\/www.miurltemporal.com/main/madisonschools.es\/reserva-extraescolar-curso-empezado\/\" target=\"_blank\" rel=\"noopener noreferrer\">aqu\u00ed<\/a> para rellenar la solicitud de inscripci\u00f3n en la actividad extraescolar de ingl\u00e9s en tu colegio, y rellena los datos de tu hijo\/a, colegio y d\u00edas de preferencia. Aunque el curso ya haya empezado, tu hijo\/a puede incorporarse en cualquier momento durante el a\u00f1o. Te llamaremos por tel\u00e9fono o te enviaremos un email para confirmar si hay plaza para tu hijo\/a y el d\u00eda en el que se podr\u00e1 incorporar. No se realizar\u00e1 ning\u00fan cargo en hasta que no te confirmemos la plaza.<\/h5>\n<h5>Madison Schools es especialista en clases de ingl\u00e9s extraescolares con profesorado biling\u00fces.<\/h5>\n<\/div><div class=\"fusion-aligncenter\"><style type=\"text\/css\">.fusion-button.button-1 .fusion-button-text, .fusion-button.button-1 i {color:#ffffff;}.fusion-button.button-1 .fusion-button-icon-divider{border-color:#ffffff;}.fusion-button.button-1:hover .fusion-button-text, .fusion-button.button-1:hover i,.fusion-button.button-1:focus .fusion-button-text, .fusion-button.button-1:focus i,.fusion-button.button-1:active .fusion-button-text, .fusion-button.button-1:active{color:#ffffff;}.fusion-button.button-1:hover .fusion-button-icon-divider, .fusion-button.button-1:hover .fusion-button-icon-divider, .fusion-button.button-1:active .fusion-button-icon-divider{border-color:#ffffff;}.fusion-button.button-1:hover, .fusion-button.button-1:focus, .fusion-button.button-1:active{border-color:#ffffff;border-width:0px;}.fusion-button.button-1 {border-color:#ffffff;border-width:0px;border-radius:50px;}.fusion-button.button-1{background: #26c281;}.fusion-button.button-1:hover,.button-1:focus,.fusion-button.button-1:active{background: #ff6363;}<\/style><a class=\"fusion-button button-flat button-xlarge button-custom button-1 fusion-button-span-no buttontext\" target=\"_blank\" rel=\"noopener noreferrer\" href=\"https:\/\/www.miurltemporal.com/main/madisonschools.es\/formulario-extraescolar-curso-empezado\/\"><span class=\"fusion-button-text\">Reserva aqu\u00ed -&gt;<\/span><\/a><\/div>\n<div class=\"fusion-clearfix\"><\/div><\/div><\/div><div class=\"fusion-layout-column fusion_builder_column fusion-builder-column-4 fusion_builder_column_1_2 1_2 fusion-one-half fusion-column-first\" style=\"width:48%; margin-right: 4%;margin-top:0px;margin-bottom:50px;\"><div class=\"fusion-column-wrapper fusion-flex-column-wrapper-legacy\" style=\"background-position:left top;background-repeat:no-repeat;-webkit-background-size:cover;-moz-background-size:cover;-o-background-size:cover;background-size:cover;padding: 0px 0px 0px 0px;\"><div class=\"fusion-text fusion-text-4\"><p><img decoding=\"async\" class=\"alignnone size-full wp-image-1214 alignleft lazyload\" data-src=\"https:\/\/www.miurltemporal.com/main/madisonschools.es\/wp-content\/uploads\/colegio-nova-2.jpg\" alt=\"\" width=\"113\" height=\"113\" data-srcset=\"https:\/\/www.miurltemporal.com/main/madisonschools.es\/wp-content\/uploads\/colegio-nova-2-66x66.jpg 66w, https:\/\/www.miurltemporal.com/main/madisonschools.es\/wp-content\/uploads\/colegio-nova-2.jpg 113w\" data-sizes=\"(max-width: 113px) 100vw, 113px\" src=\"data:image\/svg+xml;base64,PHN2ZyB3aWR0aD0iMSIgaGVpZ2h0PSIxIiB4bWxucz0iaHR0cDovL3d3dy53My5vcmcvMjAwMC9zdmciPjwvc3ZnPg==\" style=\"--smush-placeholder-width: 113px; --smush-placeholder-aspect-ratio: 113\/113;\" \/><\/p>\n<h2><a href=\"https:\/\/www.miurltemporal.com/main/madisonschools.es\/?page_id=1212&amp;preview=true\" target=\"_blank\" rel=\"noopener noreferrer\">Nova Hispalis<\/a><\/h2>\n<h6 style=\"text-align: center;\"><a href=\"https:\/\/www.miurltemporal.com/main/madisonschools.es\/?page_id=1212&amp;preview=true\" target=\"_blank\" rel=\"noopener noreferrer\">Formulario reserva 2020\/21<\/a><\/h6>\n<hr \/>\n<\/div><div class=\"fusion-clearfix\"><\/div><\/div><\/div><div class=\"fusion-layout-column fusion_builder_column fusion-builder-column-5 fusion_builder_column_1_2 1_2 fusion-one-half fusion-column-last\" style=\"width:48%;margin-top:0px;margin-bottom:50px;\"><div class=\"fusion-column-wrapper fusion-flex-column-wrapper-legacy\" style=\"background-position:left top;background-repeat:no-repeat;-webkit-background-size:cover;-moz-background-size:cover;-o-background-size:cover;background-size:cover;padding: 0px 0px 0px 0px;\"><div class=\"fusion-text fusion-text-5\"><p><img decoding=\"async\" class=\"alignnone size-full wp-image-1201 alignleft lazyload\" data-src=\"https:\/\/www.miurltemporal.com/main/madisonschools.es\/wp-content\/uploads\/Rafael-Alberti.jpg\" alt=\"\" width=\"110\" height=\"110\" data-srcset=\"https:\/\/www.miurltemporal.com/main/madisonschools.es\/wp-content\/uploads\/Rafael-Alberti-66x66.jpg 66w, https:\/\/www.miurltemporal.com/main/madisonschools.es\/wp-content\/uploads\/Rafael-Alberti.jpg 110w\" data-sizes=\"(max-width: 110px) 100vw, 110px\" src=\"data:image\/svg+xml;base64,PHN2ZyB3aWR0aD0iMSIgaGVpZ2h0PSIxIiB4bWxucz0iaHR0cDovL3d3dy53My5vcmcvMjAwMC9zdmciPjwvc3ZnPg==\" style=\"--smush-placeholder-width: 110px; --smush-placeholder-aspect-ratio: 110\/110;\" \/><\/p>\n<h2><a href=\"https:\/\/www.miurltemporal.com/main/madisonschools.es\/alberti\/\" target=\"_blank\" rel=\"noopener noreferrer\">Rafael Alberti<\/a><\/h2>\n<h6 style=\"text-align: center;\"><a href=\"https:\/\/www.miurltemporal.com/main/madisonschools.es\/alberti\/\" target=\"_blank\" rel=\"noopener noreferrer\">Formulario reserva 2020\/21<\/a><\/h6>\n<hr \/>\n<\/div><div class=\"fusion-clearfix\"><\/div><\/div><\/div><div class=\"fusion-layout-column fusion_builder_column fusion-builder-column-6 fusion_builder_column_1_2 1_2 fusion-one-half fusion-column-first\" style=\"width:48%; margin-right: 4%;margin-top:0px;margin-bottom:50px;\"><div class=\"fusion-column-wrapper fusion-flex-column-wrapper-legacy\" style=\"background-position:left top;background-repeat:no-repeat;-webkit-background-size:cover;-moz-background-size:cover;-o-background-size:cover;background-size:cover;padding: 0px 0px 0px 0px;\"><div class=\"fusion-text fusion-text-6\"><p><img decoding=\"async\" class=\"alignnone size-full wp-image-1208 alignleft lazyload\" data-src=\"https:\/\/www.miurltemporal.com/main/madisonschools.es\/wp-content\/uploads\/jose.jpg\" alt=\"\" width=\"110\" height=\"110\" data-srcset=\"https:\/\/www.miurltemporal.com/main/madisonschools.es\/wp-content\/uploads\/jose-66x66.jpg 66w, https:\/\/www.miurltemporal.com/main/madisonschools.es\/wp-content\/uploads\/jose.jpg 110w\" data-sizes=\"(max-width: 110px) 100vw, 110px\" src=\"data:image\/svg+xml;base64,PHN2ZyB3aWR0aD0iMSIgaGVpZ2h0PSIxIiB4bWxucz0iaHR0cDovL3d3dy53My5vcmcvMjAwMC9zdmciPjwvc3ZnPg==\" style=\"--smush-placeholder-width: 110px; --smush-placeholder-aspect-ratio: 110\/110;\" \/><\/p>\n<h2><a href=\"https:\/\/www.miurltemporal.com/main/madisonschools.es\/sanjose\/\" target=\"_blank\" rel=\"noopener noreferrer\">San Jos\u00e9<\/a><\/h2>\n<h6 style=\"text-align: center;\"><a href=\"https:\/\/www.miurltemporal.com/main/madisonschools.es\/sanjose\/\" target=\"_blank\" rel=\"noopener noreferrer\">Formulario reserva 2020\/21<\/a><\/h6>\n<hr \/>\n<\/div><div class=\"fusion-clearfix\"><\/div><\/div><\/div><\/div><\/div><div class=\"fusion-fullwidth fullwidth-box fusion-builder-row-3 hundred-percent-fullwidth non-hundred-percent-height-scrolling\" style=\"background-color: rgba(255,255,255,0);background-position: center center;background-repeat: no-repeat;padding-top:0px;padding-right:0px;padding-bottom:0px;padding-left:0px;margin-bottom: 0px;margin-top: 0px;border-width: 0px 0px 0px 0px;border-color:#eae9e9;border-style:solid;\" ><div class=\"fusion-builder-row fusion-row\"><div class=\"fusion-layout-column fusion_builder_column fusion-builder-column-7 fusion_builder_column_1_1 1_1 fusion-one-full fusion-column-first fusion-column-last fusion-column-no-min-height\" style=\"margin-top:0px;margin-bottom:0px;\"><div class=\"fusion-column-wrapper fusion-flex-column-wrapper-legacy\" style=\"background-position:left top;background-repeat:no-repeat;-webkit-background-size:cover;-moz-background-size:cover;-o-background-size:cover;background-size:cover;padding: 0px 0px 0px 0px;\"><div class=\"fusion-text fusion-text-7\"><p><img decoding=\"async\" class=\"wp-image-3527 size-full alignleft lazyload\" data-src=\"https:\/\/www.miurltemporal.com/main/madisonschools.es\/wp-content\/uploads\/boys-286245_1920.jpg\" alt=\"\" width=\"262\" height=\"174\" src=\"data:image\/svg+xml;base64,PHN2ZyB3aWR0aD0iMSIgaGVpZ2h0PSIxIiB4bWxucz0iaHR0cDovL3d3dy53My5vcmcvMjAwMC9zdmciPjwvc3ZnPg==\" style=\"--smush-placeholder-width: 262px; --smush-placeholder-aspect-ratio: 262\/174;\" \/>Nuestras actividades extraescolares de ingl\u00e9s son impartidas por profesores biling\u00fces certificados y con experiencia. Las clases extraescolares de ingl\u00e9s se ofrecen en grupos reducidos en el propio centro escolar: horario flexible y adaptado a cada colegio, para alumnos desde 2 hasta 16 a\u00f1os de edad.<\/p>\n<p>M\u00e1s de 3.000 alumnos aprenden ingl\u00e9s con nuestro m\u00e9todo Madison Schools en decenas de colegios en toda Espa\u00f1a.<\/p>\n<p>Ofrecemos informaci\u00f3n continua a los padres y al colegio: informes peri\u00f3dicos de rendimiento en las clases, recomendaciones sobre recursos para practicar en casa, control de asistencia, etc. Nuestras clases extraescolares se enfocan en el m\u00e9todo inmersivo y l\u00fadico para hablar y desarrollar la comprensi\u00f3n al comunicarse.<\/p>\n<p>Madison Schools es Centro Preparador oficial de los ex\u00e1menes oficiales de ingl\u00e9s de Cambridge (<a href=\"https:\/\/www.cambridgeenglish.org\/es\/exams-and-tests\/young-learners-english\/starters\/\" target=\"_blank\" rel=\"noopener noreferrer\">Starters<\/a>, <a href=\"https:\/\/www.cambridgeenglish.org\/es\/exams-and-tests\/young-learners-english\/movers\/\" target=\"_blank\" rel=\"noopener noreferrer\">Movers<\/a>, <a href=\"https:\/\/www.cambridgeenglish.org\/es\/exams-and-tests\/young-learners-english\/flyers\/\" target=\"_blank\" rel=\"noopener noreferrer\">Flyers<\/a>, <a href=\"https:\/\/www.cambridgeenglish.org\/es\/exams-and-tests\/key\/\" target=\"_blank\" rel=\"noopener noreferrer\">A2 Key<\/a>, <a href=\"https:\/\/www.cambridgeenglish.org\/es\/exams-and-tests\/preliminary\/\" target=\"_blank\" rel=\"noopener noreferrer\">B1 PET<\/a> y <a href=\"https:\/\/www.cambridgeenglish.org\/es\/exams-and-tests\/first\/\" target=\"_blank\" rel=\"noopener noreferrer\">B2 First<\/a>).<\/p>\n<p><a href=\"https:\/\/www.cambridgeenglish.org\/es\/\" target=\"_blank\" rel=\"noopener noreferrer\"><img decoding=\"async\" class=\"aligncenter wp-image-724 size-medium lazyload\" data-src=\"https:\/\/www.miurltemporal.com/main/madisonschools.es\/wp-content\/uploads\/cambridge-center-e1578345291716-300x67.png\" alt=\"\" width=\"300\" height=\"67\" data-srcset=\"https:\/\/www.miurltemporal.com/main/madisonschools.es\/wp-content\/uploads\/cambridge-center-e1578345291716-200x45.png 200w, https:\/\/www.miurltemporal.com/main/madisonschools.es\/wp-content\/uploads\/cambridge-center-e1578345291716-300x67.png 300w, https:\/\/www.miurltemporal.com/main/madisonschools.es\/wp-content\/uploads\/cambridge-center-e1578345291716.png 373w\" data-sizes=\"(max-width: 300px) 100vw, 300px\" src=\"data:image\/svg+xml;base64,PHN2ZyB3aWR0aD0iMSIgaGVpZ2h0PSIxIiB4bWxucz0iaHR0cDovL3d3dy53My5vcmcvMjAwMC9zdmciPjwvc3ZnPg==\" style=\"--smush-placeholder-width: 300px; --smush-placeholder-aspect-ratio: 300\/67;\" \/><\/a><\/p>\n<\/div><div class=\"fusion-clearfix\"><\/div><\/div><\/div><\/div><style type=\"text\/css\">.fusion-fullwidth.fusion-builder-row-3 { overflow:visible; }<\/style><\/div><\/p>\n","protected":false},"excerpt":{"rendered":"","protected":false},"author":1,"featured_media":0,"parent":0,"menu_order":0,"comment_status":"closed","ping_status":"closed","template":"100-width.php","meta":{"footnotes":""},"class_list":["post-721","page","type-page","status-publish","hentry"],"_links":{"self":[{"href":"https:\/\/www.miurltemporal.com/main/madisonschools.es\/wp-json\/wp\/v2\/pages\/721","targetHints":{"allow":["GET"]}}],"collection":[{"href":"https:\/\/www.miurltemporal.com/main/madisonschools.es\/wp-json\/wp\/v2\/pages"}],"about":[{"href":"https:\/\/www.miurltemporal.com/main/madisonschools.es\/wp-json\/wp\/v2\/types\/page"}],"author":[{"embeddable":true,"href":"https:\/\/www.miurltemporal.com/main/madisonschools.es\/wp-json\/wp\/v2\/users\/1"}],"replies":[{"embeddable":true,"href":"https:\/\/www.miurltemporal.com/main/madisonschools.es\/wp-json\/wp\/v2\/comments?post=721"}],"version-history":[{"count":28,"href":"https:\/\/www.miurltemporal.com/main/madisonschools.es\/wp-json\/wp\/v2\/pages\/721\/revisions"}],"predecessor-version":[{"id":1217,"href":"https:\/\/www.miurltemporal.com/main/madisonschools.es\/wp-json\/wp\/v2\/pages\/721\/revisions\/1217"}],"wp:attachment":[{"href":"https:\/\/www.miurltemporal.com/main/madisonschools.es\/wp-json\/wp\/v2\/media?parent=721"}],"curies":[{"name":"wp","href":"https:\/\/api.w.org\/{rel}","templated":true}]}}